{"id":2839,"date":"2019-07-04T17:17:46","date_gmt":"2019-07-04T15:17:46","guid":{"rendered":"https:\/\/www.comfortmats.se\/downloads\/mediabank\/"},"modified":"2019-11-22T09:53:14","modified_gmt":"2019-11-22T08:53:14","slug":"mediabank","status":"publish","type":"page","link":"https:\/\/www.comfortmats.se\/da\/downloads\/mediabank\/","title":{"rendered":"Mediabank"},"content":{"rendered":"<p>Hvis du er forhandler og \u00f8nsker produktbilleder, s\u00e5 finder du dem p\u00e5 vores <a href=\"http:\/\/mediabank.prinfovargarda.se\/webnative\/inprstyle\/runstyle?\">Mediabank<\/a>.<br \/>\nKontakt <a href=\"mailto: projekt@matting.se?subject=Inlogg Mediabanken\">projekt@matting.se<\/a> for login oplysninger.<\/p>\n","protected":false},"excerpt":{"rendered":"<p>Hvis du er forhandler og \u00f8nsker produktbilleder, s\u00e5 finder du dem p\u00e5 vores Mediabank. Kontakt projekt@matting.se for login oplysninger.<\/p>\n","protected":false},"author":2,"featured_media":2199,"parent":2289,"menu_order":0,"comment_status":"closed","ping_status":"closed","template":"","meta":{"_acf_changed":false,"_monsterinsights_skip_tracking":false,"_monsterinsights_sitenote_active":false,"_monsterinsights_sitenote_note":"","_monsterinsights_sitenote_category":0,"footnotes":""},"yst_prominent_words":[],"class_list":["post-2839","page","type-page","status-publish","has-post-thumbnail","hentry"],"acf":[],"_links":{"self":[{"href":"https:\/\/www.comfortmats.se\/da\/wp-json\/wp\/v2\/pages\/2839","targetHints":{"allow":["GET"]}}],"collection":[{"href":"https:\/\/www.comfortmats.se\/da\/wp-json\/wp\/v2\/pages"}],"about":[{"href":"https:\/\/www.comfortmats.se\/da\/wp-json\/wp\/v2\/types\/page"}],"author":[{"embeddable":true,"href":"https:\/\/www.comfortmats.se\/da\/wp-json\/wp\/v2\/users\/2"}],"replies":[{"embeddable":true,"href":"https:\/\/www.comfortmats.se\/da\/wp-json\/wp\/v2\/comments?post=2839"}],"version-history":[{"count":0,"href":"https:\/\/www.comfortmats.se\/da\/wp-json\/wp\/v2\/pages\/2839\/revisions"}],"up":[{"embeddable":true,"href":"https:\/\/www.comfortmats.se\/da\/wp-json\/wp\/v2\/pages\/2289"}],"wp:featuredmedia":[{"embeddable":true,"href":"https:\/\/www.comfortmats.se\/da\/wp-json\/wp\/v2\/media\/2199"}],"wp:attachment":[{"href":"https:\/\/www.comfortmats.se\/da\/wp-json\/wp\/v2\/media?parent=2839"}],"wp:term":[{"taxonomy":"yst_prominent_words","embeddable":true,"href":"https:\/\/www.comfortmats.se\/da\/wp-json\/wp\/v2\/yst_prominent_words?post=2839"}],"curies":[{"name":"wp","href":"https:\/\/api.w.org\/{rel}","templated":true}]}}