{"id":481,"date":"2017-06-13T13:38:28","date_gmt":"2017-06-13T11:38:28","guid":{"rendered":"https:\/\/www.comfortmats.se\/?page_id=481"},"modified":"2017-11-14T12:06:14","modified_gmt":"2017-11-14T11:06:14","slug":"produkterne","status":"publish","type":"page","link":"https:\/\/www.comfortmats.se\/da\/produkterne\/","title":{"rendered":"Produkterne"},"content":{"rendered":"<p style=\"text-align: left;\">Kravene til en arbejdspladsm\u00e5tte skifter fra t\u00f8rre kontormilj\u00f8er til tunge industrimilj\u00f8er. Det er vigtigt at v\u00e6lge den rigtige m\u00e5tte til den rigtige plads. Der kan opn\u00e5s forskellig slidstyrke, kemikalieresistens, temperaturbestandighed, bakteriemodstand og ildfasthed alt efter hvilket materiale m\u00e5tten er sammensat af. M\u00e5tter fremstillet af naturgummi (NR) er slidst\u00e6rke, men bl\u00f8de, elastiske og sp\u00e6ndstige med meget god ergonomi og komfort. De t\u00e5ler vand, men passer bedst i t\u00f8rre milj\u00f8er uden kemikaliep\u00e5virkning.<\/p>\n<p style=\"text-align: left;\">I et tungt industrimilj\u00f8 passer m\u00e5tter af nitrilgummi (NBR) eller syntetisk gummi (SBR) allerbedst. Disse m\u00e5tter t\u00e5ler generelt h\u00e5rdt slid, de er resistente over for olier, fedt og t\u00e5ler de fleste kemikalier. De er temperaturbestandige og en del t\u00e5ler svejsegl\u00f8der. Nitrilgummi har stort set samme ergonomiske egenskaber som naturgummi. En del m\u00e5tter best\u00e5r af mere end en gummisort, enten en gummiblanding i hele m\u00e5tten eller en m\u00e5tte i to lag. Der findes ogs\u00e5 m\u00e5tter, som er specielt fremstillet til at passe ind p\u00e5 kontorer og i offentlige milj\u00f8er, da med en p\u00e6n tekstilflade, som giver en m\u00e5tte som let smelter ind p\u00e5 kontoret, i receptionen og ved kassediske. L\u00e6s gerne mere om gummi og de forskellige materialer\/blandinger som findes p\u00e5 <a href=\"https:\/\/sv.wikipedia.org\/wiki\/Gummi\" target=\"_blank\" rel=\"noopener\">wikipedia<\/a>.<\/p>\n<p style=\"text-align: left;\"><a href=\"https:\/\/www.comfortmats.se\/da\/kontakt-os\/\"><strong>Kontakt os, s\u00e5 hj\u00e6lper vi til.<\/strong><\/a><\/p>\n<p style=\"text-align: left;\"><strong>Du kan ogs\u00e5 v\u00e6lge f\u00f8rst at g\u00e5 til <a href=\"https:\/\/www.comfortmats.se\/da\/produkterne\/mattevalgeren\/\">M\u00e5ttev\u00e6lgeren<\/a> for at lette dit valg.<\/strong><\/p>\n","protected":false},"excerpt":{"rendered":"<p>Kravene til en arbejdspladsm\u00e5tte skifter fra t\u00f8rre kontormilj\u00f8er til tunge industrimilj\u00f8er. Det er vigtigt at v\u00e6lge den rigtige m\u00e5tte til den rigtige plads. Der kan opn\u00e5s forskellig slidstyrke, kemikalieresistens, temperaturbestandighed, bakteriemodstand og ildfasthed alt efter hvilket materiale m\u00e5tten er sammensat af. M\u00e5tter fremstillet af naturgummi (NR) er slidst\u00e6rke, men bl\u00f8de, elastiske og sp\u00e6ndstige med meget [&hellip;]<\/p>\n","protected":false},"author":2,"featured_media":607,"parent":0,"menu_order":40,"comment_status":"closed","ping_status":"closed","template":"tpl-produkter-alla-produkter.php","meta":{"_acf_changed":false,"_monsterinsights_skip_tracking":false,"_monsterinsights_sitenote_active":false,"_monsterinsights_sitenote_note":"","_monsterinsights_sitenote_category":0,"footnotes":""},"yst_prominent_words":[],"class_list":["post-481","page","type-page","status-publish","has-post-thumbnail","hentry"],"acf":[],"_links":{"self":[{"href":"https:\/\/www.comfortmats.se\/da\/wp-json\/wp\/v2\/pages\/481","targetHints":{"allow":["GET"]}}],"collection":[{"href":"https:\/\/www.comfortmats.se\/da\/wp-json\/wp\/v2\/pages"}],"about":[{"href":"https:\/\/www.comfortmats.se\/da\/wp-json\/wp\/v2\/types\/page"}],"author":[{"embeddable":true,"href":"https:\/\/www.comfortmats.se\/da\/wp-json\/wp\/v2\/users\/2"}],"replies":[{"embeddable":true,"href":"https:\/\/www.comfortmats.se\/da\/wp-json\/wp\/v2\/comments?post=481"}],"version-history":[{"count":0,"href":"https:\/\/www.comfortmats.se\/da\/wp-json\/wp\/v2\/pages\/481\/revisions"}],"wp:featuredmedia":[{"embeddable":true,"href":"https:\/\/www.comfortmats.se\/da\/wp-json\/wp\/v2\/media\/607"}],"wp:attachment":[{"href":"https:\/\/www.comfortmats.se\/da\/wp-json\/wp\/v2\/media?parent=481"}],"wp:term":[{"taxonomy":"yst_prominent_words","embeddable":true,"href":"https:\/\/www.comfortmats.se\/da\/wp-json\/wp\/v2\/yst_prominent_words?post=481"}],"curies":[{"name":"wp","href":"https:\/\/api.w.org\/{rel}","templated":true}]}}