{"id":482,"date":"2017-06-13T13:38:46","date_gmt":"2017-06-13T11:38:46","guid":{"rendered":"https:\/\/www.comfortmats.se\/?page_id=482"},"modified":"2017-11-14T12:06:31","modified_gmt":"2017-11-14T11:06:31","slug":"mattevalgeren","status":"publish","type":"page","link":"https:\/\/www.comfortmats.se\/da\/produkterne\/mattevalgeren\/","title":{"rendered":"M\u00e5ttev\u00e6lgeren"},"content":{"rendered":"<p class=\"p1\">N\u00e5r man v\u00e6lger m\u00e5tte, s\u00e5 skal man naturligvis tage den som man synes er bedst at st\u00e5 p\u00e5. Men det er ogs\u00e5 vigtigt, at v\u00e6lge m\u00e5tte efter hvilket milj\u00f8 den skal ligge i. Vores m\u00e5tter findes til alle typer af milj\u00f8er. Nogle klarer tung belastning, svejsespr\u00f8jt, olier og kemikalier. Andre passer bedre i butikker og lettere industri. Der findes m\u00e5tter i sp\u00e6ndstigt materiale med buler som stimulerer f\u00f8dderne, og der findes m\u00e5tter, som er fremstillet af en speciel t\u00e6t gummiblanding, som g\u00f8r dem egnede i milj\u00f8er med levnedsmiddelh\u00e5ndtering.<\/p>\n","protected":false},"excerpt":{"rendered":"<p>N\u00e5r man v\u00e6lger m\u00e5tte, s\u00e5 skal man naturligvis tage den som man synes er bedst at st\u00e5 p\u00e5. Men det er ogs\u00e5 vigtigt, at v\u00e6lge m\u00e5tte efter hvilket milj\u00f8 den skal ligge i. Vores m\u00e5tter findes til alle typer af milj\u00f8er. Nogle klarer tung belastning, svejsespr\u00f8jt, olier og kemikalier. Andre passer bedre i butikker og [&hellip;]<\/p>\n","protected":false},"author":2,"featured_media":5762,"parent":481,"menu_order":40,"comment_status":"closed","ping_status":"closed","template":"tpl-mattvaljaren.php","meta":{"_acf_changed":false,"_monsterinsights_skip_tracking":false,"_monsterinsights_sitenote_active":false,"_monsterinsights_sitenote_note":"","_monsterinsights_sitenote_category":0,"footnotes":""},"yst_prominent_words":[],"class_list":["post-482","page","type-page","status-publish","has-post-thumbnail","hentry"],"acf":[],"_links":{"self":[{"href":"https:\/\/www.comfortmats.se\/da\/wp-json\/wp\/v2\/pages\/482","targetHints":{"allow":["GET"]}}],"collection":[{"href":"https:\/\/www.comfortmats.se\/da\/wp-json\/wp\/v2\/pages"}],"about":[{"href":"https:\/\/www.comfortmats.se\/da\/wp-json\/wp\/v2\/types\/page"}],"author":[{"embeddable":true,"href":"https:\/\/www.comfortmats.se\/da\/wp-json\/wp\/v2\/users\/2"}],"replies":[{"embeddable":true,"href":"https:\/\/www.comfortmats.se\/da\/wp-json\/wp\/v2\/comments?post=482"}],"version-history":[{"count":0,"href":"https:\/\/www.comfortmats.se\/da\/wp-json\/wp\/v2\/pages\/482\/revisions"}],"up":[{"embeddable":true,"href":"https:\/\/www.comfortmats.se\/da\/wp-json\/wp\/v2\/pages\/481"}],"wp:featuredmedia":[{"embeddable":true,"href":"https:\/\/www.comfortmats.se\/da\/wp-json\/wp\/v2\/media\/5762"}],"wp:attachment":[{"href":"https:\/\/www.comfortmats.se\/da\/wp-json\/wp\/v2\/media?parent=482"}],"wp:term":[{"taxonomy":"yst_prominent_words","embeddable":true,"href":"https:\/\/www.comfortmats.se\/da\/wp-json\/wp\/v2\/yst_prominent_words?post=482"}],"curies":[{"name":"wp","href":"https:\/\/api.w.org\/{rel}","templated":true}]}}