{"id":485,"date":"2017-06-13T13:37:04","date_gmt":"2017-06-13T11:37:04","guid":{"rendered":"https:\/\/www.comfortmats.se\/?page_id=485"},"modified":"2025-03-18T14:34:10","modified_gmt":"2025-03-18T13:34:10","slug":"kontakt-os","status":"publish","type":"page","link":"https:\/\/www.comfortmats.se\/da\/kontakt-os\/","title":{"rendered":"Kontakt os"},"content":{"rendered":"<p>Vi hj\u00e6lper dig! En virksomhed som satser p\u00e5 forebyggende personalepleje, ved hj\u00e6lp af ergonomiske m\u00e5tter, kan med sm\u00e5 midler skabe store forbedringer. S\u00e5 kontakt os!<\/p>\n<p>&nbsp;<\/p>\n<div class=\"text-block \">\n<p><strong>Customer Success<\/strong><br \/>\nTlf: +45 39 30 08 02<br \/>\n<a href=\"mailto:info@matting.dk\">info@matting.dk<\/a><\/p>\n<p><strong>Office Supplies &amp; Interior Design<\/strong><br \/>\n<strong><span style=\"color: #ff8000;\">J\u00f6rgen Svensson<\/span><\/strong><br \/>\nKey Account Manager Office Supplies<br \/>\nTel: <a href=\"Tel:+46739206118\">+46 739 20 61 18<\/a><br \/>\n<a href=\"mailto:jorgen.svensson@matting.se\">jorgen.svensson@matting.se<\/a><\/p>\n<p><strong><span style=\"color: #ff8000;\">Ulrica Brandt<\/span><\/strong><br \/>\nKey Account Manager Interior Design<br \/>\nTel:<a href=\"Tel:+46706159888\">+46 706 15 98 88<\/a><br \/>\n<a href=\"mailto:ulrica.brandt@matting.se\">ulrica.brandt@matting.se<\/a><\/p>\n<p><strong><span style=\"color: #ff8000;\">Theo Ravn Beltoft<\/span><\/strong><br \/>\nBusiness Sales Manager<br \/>\nMobil: <a href=\"Tel:+4551140264\">+45 51 14 02 64<\/a><br \/>\n<a href=\"mailto:theo.beltoft@matting.se\">theo.beltoft@matting.se<\/a><\/p>\n<p>&nbsp;<\/p>\n<p><strong>Industry, Facility, Laundry, Construction<\/strong><\/p>\n<p><strong><span style=\"color: #ff8000;\">Fredrik Brandt<\/span><\/strong><br \/>\nKey Account Manager<br \/>\nTel:<a href=\"Tel:++46706304749\">+46 706 30 47 49<\/a><br \/>\nE-mail: <a href=\"mailto:fredrik.brandt@matting.se\">fredrik.brandt@matting.se<\/a><\/p>\n<p><strong><span style=\"color: #ff8000;\">Ulrik Bergvall<\/span><\/strong><br \/>\nBusiness Area Manager<br \/>\nMobil: <a href=\"Tel:+46706202602\">+46 (0)70 620 26 02<\/a><br \/>\n<a href=\"mailto:ulrik.bergvall@matting.se\">ulrik.bergvall@matting.se<\/a><\/p>\n<\/div>\n<p>&nbsp;<\/p>\n<p>&nbsp;<\/p>\n<div class=\"text-block \">\n<div class=\"text-block \">\n<p style=\"text-align: center;\"><strong>Matting Danmark<\/strong><\/p>\n<p style=\"text-align: center;\">\u00d8stre All\u00e9 6, 9530 St\u00f8vring | Tlf: +45 39 30 08 02 | <a href=\"mailto:info@matting.dk\">info@matting.dk<\/a><\/p>\n<\/div>\n<p>&nbsp;<\/p>\n<\/div>\n<p>&nbsp;<\/p>\n<div class=\"text-block \">\n<div class=\"text-block \">\n<p style=\"text-align: center;\"><strong>Hovedkontor Sverige<\/strong><\/p>\n<p style=\"text-align: center;\">Box 514, SE \u2013 441 15 Alings\u00e5s,\u00a0Tomasg\u00e5rdsv\u00e4gen 19\u00a0 SE \u2013 441 39 Alings\u00e5s | Tlf: +46 322 67 08 00 | <a href=\"mailto:info@matting.se\">info@matting.se<\/a><\/p>\n<\/div>\n<\/div>\n","protected":false},"excerpt":{"rendered":"<p>Vi hj\u00e6lper dig! En virksomhed som satser p\u00e5 forebyggende personalepleje, ved hj\u00e6lp af ergonomiske m\u00e5tter, kan med sm\u00e5 midler skabe store forbedringer. S\u00e5 kontakt os! &nbsp; Customer Success Tlf: +45 39 30 08 02 info@matting.dk Office Supplies &amp; Interior Design J\u00f6rgen Svensson Key Account Manager Office Supplies Tel: +46 739 20 61 18 jorgen.svensson@matting.se Ulrica [&hellip;]<\/p>\n","protected":false},"author":2,"featured_media":3748,"parent":0,"menu_order":100,"comment_status":"closed","ping_status":"closed","template":"","meta":{"_acf_changed":false,"_monsterinsights_skip_tracking":false,"_monsterinsights_sitenote_active":false,"_monsterinsights_sitenote_note":"","_monsterinsights_sitenote_category":0,"footnotes":""},"yst_prominent_words":[],"class_list":["post-485","page","type-page","status-publish","has-post-thumbnail","hentry"],"acf":[],"_links":{"self":[{"href":"https:\/\/www.comfortmats.se\/da\/wp-json\/wp\/v2\/pages\/485","targetHints":{"allow":["GET"]}}],"collection":[{"href":"https:\/\/www.comfortmats.se\/da\/wp-json\/wp\/v2\/pages"}],"about":[{"href":"https:\/\/www.comfortmats.se\/da\/wp-json\/wp\/v2\/types\/page"}],"author":[{"embeddable":true,"href":"https:\/\/www.comfortmats.se\/da\/wp-json\/wp\/v2\/users\/2"}],"replies":[{"embeddable":true,"href":"https:\/\/www.comfortmats.se\/da\/wp-json\/wp\/v2\/comments?post=485"}],"version-history":[{"count":6,"href":"https:\/\/www.comfortmats.se\/da\/wp-json\/wp\/v2\/pages\/485\/revisions"}],"predecessor-version":[{"id":6328,"href":"https:\/\/www.comfortmats.se\/da\/wp-json\/wp\/v2\/pages\/485\/revisions\/6328"}],"wp:featuredmedia":[{"embeddable":true,"href":"https:\/\/www.comfortmats.se\/da\/wp-json\/wp\/v2\/media\/3748"}],"wp:attachment":[{"href":"https:\/\/www.comfortmats.se\/da\/wp-json\/wp\/v2\/media?parent=485"}],"wp:term":[{"taxonomy":"yst_prominent_words","embeddable":true,"href":"https:\/\/www.comfortmats.se\/da\/wp-json\/wp\/v2\/yst_prominent_words?post=485"}],"curies":[{"name":"wp","href":"https:\/\/api.w.org\/{rel}","templated":true}]}}