{"id":486,"date":"2017-06-29T11:01:14","date_gmt":"2017-06-29T09:01:14","guid":{"rendered":"https:\/\/www.comfortmats.se\/?page_id=486"},"modified":"2017-11-14T12:07:42","modified_gmt":"2017-11-14T11:07:42","slug":"bestil-vareproever","status":"publish","type":"page","link":"https:\/\/www.comfortmats.se\/da\/kontakt-os\/bestil-vareproever\/","title":{"rendered":"Bestil varepr\u00f8ver"},"content":{"rendered":"<p>Her kan du bestille varepr\u00f8ver; angiv dine \u00f8nsker i feltet.<\/p>\n<p class=\"wpcf7-contact-form-not-found\"><strong>Error:<\/strong> Contact form not found.<\/p>\n","protected":false},"excerpt":{"rendered":"<p>Her kan du bestille varepr\u00f8ver; angiv dine \u00f8nsker i feltet.<\/p>\n","protected":false},"author":2,"featured_media":3739,"parent":485,"menu_order":0,"comment_status":"closed","ping_status":"closed","template":"","meta":{"_acf_changed":false,"_monsterinsights_skip_tracking":false,"_monsterinsights_sitenote_active":false,"_monsterinsights_sitenote_note":"","_monsterinsights_sitenote_category":0,"footnotes":""},"yst_prominent_words":[],"class_list":["post-486","page","type-page","status-publish","has-post-thumbnail","hentry"],"acf":[],"_links":{"self":[{"href":"https:\/\/www.comfortmats.se\/da\/wp-json\/wp\/v2\/pages\/486","targetHints":{"allow":["GET"]}}],"collection":[{"href":"https:\/\/www.comfortmats.se\/da\/wp-json\/wp\/v2\/pages"}],"about":[{"href":"https:\/\/www.comfortmats.se\/da\/wp-json\/wp\/v2\/types\/page"}],"author":[{"embeddable":true,"href":"https:\/\/www.comfortmats.se\/da\/wp-json\/wp\/v2\/users\/2"}],"replies":[{"embeddable":true,"href":"https:\/\/www.comfortmats.se\/da\/wp-json\/wp\/v2\/comments?post=486"}],"version-history":[{"count":0,"href":"https:\/\/www.comfortmats.se\/da\/wp-json\/wp\/v2\/pages\/486\/revisions"}],"up":[{"embeddable":true,"href":"https:\/\/www.comfortmats.se\/da\/wp-json\/wp\/v2\/pages\/485"}],"wp:featuredmedia":[{"embeddable":true,"href":"https:\/\/www.comfortmats.se\/da\/wp-json\/wp\/v2\/media\/3739"}],"wp:attachment":[{"href":"https:\/\/www.comfortmats.se\/da\/wp-json\/wp\/v2\/media?parent=486"}],"wp:term":[{"taxonomy":"yst_prominent_words","embeddable":true,"href":"https:\/\/www.comfortmats.se\/da\/wp-json\/wp\/v2\/yst_prominent_words?post=486"}],"curies":[{"name":"wp","href":"https:\/\/api.w.org\/{rel}","templated":true}]}}