{"id":1365,"date":"2017-09-26T10:05:56","date_gmt":"2017-09-26T08:05:56","guid":{"rendered":"https:\/\/www.comfortmats.se\/cookie\/"},"modified":"2017-11-21T19:04:35","modified_gmt":"2017-11-21T18:04:35","slug":"cookie","status":"publish","type":"page","link":"https:\/\/www.comfortmats.se\/fi\/cookie\/","title":{"rendered":"Cookie"},"content":{"rendered":"<p>Ev\u00e4ste on pieni tekstitiedosto, joka tallennetaan tietokoneellesi. Sit\u00e4 k\u00e4ytet\u00e4\u00e4n muistamaan sinut ja kotisivullamme tekem\u00e4si valinnat. Kotisivut tallentavat ev\u00e4steiden avulla t\u00e4rkeit\u00e4 tietoja ja asetuksia, jotka helpottavat sivuston k\u00e4ytt\u00f6\u00e4.<\/p>\n<p>Esimerkiksi milloin viimeksi olit sivuilla, mit\u00e4 kirjoitit lomakkeeseen, ettei sinun tarvitse kirjoittaa tietoja uudelleen, mit\u00e4 valintoja teit ja niin edelleen. Ev\u00e4steet eiv\u00e4t sis\u00e4ll\u00e4 koodia eik\u00e4 sinun siksi tarvitse olla huolissaan mainoksista, vakoiluohjelmista, viruksista tai vastaavista.<\/p>\n<p>Ev\u00e4steet eiv\u00e4t juurikaan kuormita j\u00e4rjestelm\u00e4\u00e4si. Ainoastaan tekstitiedoston tallentanut kotisivu voi lukea sen, joten kukaan muu ei pysty urkkimaan, mit\u00e4 olet tehnyt meill\u00e4.<\/p>\n","protected":false},"excerpt":{"rendered":"<p>Ev\u00e4ste on pieni tekstitiedosto, joka tallennetaan tietokoneellesi. Sit\u00e4 k\u00e4ytet\u00e4\u00e4n muistamaan sinut ja kotisivullamme tekem\u00e4si valinnat. Kotisivut tallentavat ev\u00e4steiden avulla t\u00e4rkeit\u00e4 tietoja ja asetuksia, jotka helpottavat sivuston k\u00e4ytt\u00f6\u00e4. Esimerkiksi milloin viimeksi olit sivuilla, mit\u00e4 kirjoitit lomakkeeseen, ettei sinun tarvitse kirjoittaa tietoja uudelleen, mit\u00e4 valintoja teit ja niin edelleen. Ev\u00e4steet eiv\u00e4t sis\u00e4ll\u00e4 koodia eik\u00e4 sinun siksi tarvitse [&hellip;]<\/p>\n","protected":false},"author":2,"featured_media":0,"parent":0,"menu_order":0,"comment_status":"closed","ping_status":"closed","template":"","meta":{"_acf_changed":false,"_monsterinsights_skip_tracking":false,"_monsterinsights_sitenote_active":false,"_monsterinsights_sitenote_note":"","_monsterinsights_sitenote_category":0,"footnotes":""},"yst_prominent_words":[],"class_list":["post-1365","page","type-page","status-publish","hentry"],"acf":[],"_links":{"self":[{"href":"https:\/\/www.comfortmats.se\/fi\/wp-json\/wp\/v2\/pages\/1365","targetHints":{"allow":["GET"]}}],"collection":[{"href":"https:\/\/www.comfortmats.se\/fi\/wp-json\/wp\/v2\/pages"}],"about":[{"href":"https:\/\/www.comfortmats.se\/fi\/wp-json\/wp\/v2\/types\/page"}],"author":[{"embeddable":true,"href":"https:\/\/www.comfortmats.se\/fi\/wp-json\/wp\/v2\/users\/2"}],"replies":[{"embeddable":true,"href":"https:\/\/www.comfortmats.se\/fi\/wp-json\/wp\/v2\/comments?post=1365"}],"version-history":[{"count":0,"href":"https:\/\/www.comfortmats.se\/fi\/wp-json\/wp\/v2\/pages\/1365\/revisions"}],"wp:attachment":[{"href":"https:\/\/www.comfortmats.se\/fi\/wp-json\/wp\/v2\/media?parent=1365"}],"wp:term":[{"taxonomy":"yst_prominent_words","embeddable":true,"href":"https:\/\/www.comfortmats.se\/fi\/wp-json\/wp\/v2\/yst_prominent_words?post=1365"}],"curies":[{"name":"wp","href":"https:\/\/api.w.org\/{rel}","templated":true}]}}