{"id":2841,"date":"2019-07-04T17:17:46","date_gmt":"2019-07-04T15:17:46","guid":{"rendered":"https:\/\/www.comfortmats.se\/downloads\/mediabank\/"},"modified":"2019-11-22T09:06:32","modified_gmt":"2019-11-22T08:06:32","slug":"kuva-arkisto","status":"publish","type":"page","link":"https:\/\/www.comfortmats.se\/fi\/downloads\/kuva-arkisto\/","title":{"rendered":"Kuva-arkisto"},"content":{"rendered":"<p>Olet tervetullut k\u00e4ytt\u00e4m\u00e4\u00e4n kuviamme tuotteidemme markkinoinnissa \u2013 kuvamateriaalia l\u00f6yd\u00e4t <a href=\"http:\/\/mediabank.prinfovargarda.se\/webnative\/inprstyle\/runstyle?\">Mediapankistamme<\/a>.<br \/>\nOta yhteytt\u00e4 <a href=\"mailto: projekt@matting.se?subject=Inlogg Mediabanken\">projekt@matting.se<\/a> saadaksesi loggaustiedot!<\/p>\n","protected":false},"excerpt":{"rendered":"<p>Olet tervetullut k\u00e4ytt\u00e4m\u00e4\u00e4n kuviamme tuotteidemme markkinoinnissa \u2013 kuvamateriaalia l\u00f6yd\u00e4t Mediapankistamme. Ota yhteytt\u00e4 projekt@matting.se saadaksesi loggaustiedot!<\/p>\n","protected":false},"author":2,"featured_media":2199,"parent":2291,"menu_order":0,"comment_status":"closed","ping_status":"closed","template":"","meta":{"_acf_changed":false,"_monsterinsights_skip_tracking":false,"_monsterinsights_sitenote_active":false,"_monsterinsights_sitenote_note":"","_monsterinsights_sitenote_category":0,"footnotes":""},"yst_prominent_words":[],"class_list":["post-2841","page","type-page","status-publish","has-post-thumbnail","hentry"],"acf":[],"_links":{"self":[{"href":"https:\/\/www.comfortmats.se\/fi\/wp-json\/wp\/v2\/pages\/2841","targetHints":{"allow":["GET"]}}],"collection":[{"href":"https:\/\/www.comfortmats.se\/fi\/wp-json\/wp\/v2\/pages"}],"about":[{"href":"https:\/\/www.comfortmats.se\/fi\/wp-json\/wp\/v2\/types\/page"}],"author":[{"embeddable":true,"href":"https:\/\/www.comfortmats.se\/fi\/wp-json\/wp\/v2\/users\/2"}],"replies":[{"embeddable":true,"href":"https:\/\/www.comfortmats.se\/fi\/wp-json\/wp\/v2\/comments?post=2841"}],"version-history":[{"count":0,"href":"https:\/\/www.comfortmats.se\/fi\/wp-json\/wp\/v2\/pages\/2841\/revisions"}],"up":[{"embeddable":true,"href":"https:\/\/www.comfortmats.se\/fi\/wp-json\/wp\/v2\/pages\/2291"}],"wp:featuredmedia":[{"embeddable":true,"href":"https:\/\/www.comfortmats.se\/fi\/wp-json\/wp\/v2\/media\/2199"}],"wp:attachment":[{"href":"https:\/\/www.comfortmats.se\/fi\/wp-json\/wp\/v2\/media?parent=2841"}],"wp:term":[{"taxonomy":"yst_prominent_words","embeddable":true,"href":"https:\/\/www.comfortmats.se\/fi\/wp-json\/wp\/v2\/yst_prominent_words?post=2841"}],"curies":[{"name":"wp","href":"https:\/\/api.w.org\/{rel}","templated":true}]}}