{"id":869,"date":"2017-06-12T15:13:27","date_gmt":"2017-06-12T13:13:27","guid":{"rendered":"https:\/\/www.comfortmats.se\/arbetsprocessen\/"},"modified":"2019-01-30T08:56:57","modified_gmt":"2019-01-30T07:56:57","slug":"faktat-tyopaikkamattoista","status":"publish","type":"page","link":"https:\/\/www.comfortmats.se\/fi\/faktat-tyopaikkamattoista\/","title":{"rendered":"Faktat ty\u00f6paikkamattoista"},"content":{"rendered":"<p><strong>Bra mattor g\u00f6r att man orkar st\u00e5 upp och jobba.<\/strong><\/p>\n<p>Stenh\u00e5rda golv g\u00f6r ingen lycklig, hur bra skor du \u00e4n har s\u00e5 blir f\u00f6tterna, benen och kn\u00e4na tr\u00f6tta, i v\u00e4rsta fall kan du ocks\u00e5 drabbas av belastningsskador. N\u00e4r man har ett arbete som inneb\u00e4r att man st\u00e5r hela dagarna s\u00e5 \u00e4r det naturligtvis extra viktigt att man st\u00e5r p\u00e5 ett bra underlag. En bra arbetsplatsmatta \u00e4r mjuk och d\u00e4mpande och skyddar mot kalla golv, dessutom \u00e4r den halks\u00e4ker. Den skonar f\u00f6tterna, benen och ryggen, din arbetsmilj\u00f6 f\u00f6rb\u00e4ttras avsev\u00e4rt och det g\u00f6r att du orkar st\u00e5 l\u00e4ngre och m\u00e5r b\u00e4ttre.<\/p>\n","protected":false},"excerpt":{"rendered":"<p>Bra mattor g\u00f6r att man orkar st\u00e5 upp och jobba. Stenh\u00e5rda golv g\u00f6r ingen lycklig, hur bra skor du \u00e4n har s\u00e5 blir f\u00f6tterna, benen och kn\u00e4na tr\u00f6tta, i v\u00e4rsta fall kan du ocks\u00e5 drabbas av belastningsskador. N\u00e4r man har ett arbete som inneb\u00e4r att man st\u00e5r hela dagarna s\u00e5 \u00e4r det naturligtvis extra viktigt [&hellip;]<\/p>\n","protected":false},"author":2,"featured_media":3756,"parent":0,"menu_order":20,"comment_status":"closed","ping_status":"closed","template":"tpl-multiplaextblock.php","meta":{"_acf_changed":false,"_monsterinsights_skip_tracking":false,"_monsterinsights_sitenote_active":false,"_monsterinsights_sitenote_note":"","_monsterinsights_sitenote_category":0,"footnotes":""},"yst_prominent_words":[],"class_list":["post-869","page","type-page","status-publish","has-post-thumbnail","hentry"],"acf":[],"_links":{"self":[{"href":"https:\/\/www.comfortmats.se\/fi\/wp-json\/wp\/v2\/pages\/869","targetHints":{"allow":["GET"]}}],"collection":[{"href":"https:\/\/www.comfortmats.se\/fi\/wp-json\/wp\/v2\/pages"}],"about":[{"href":"https:\/\/www.comfortmats.se\/fi\/wp-json\/wp\/v2\/types\/page"}],"author":[{"embeddable":true,"href":"https:\/\/www.comfortmats.se\/fi\/wp-json\/wp\/v2\/users\/2"}],"replies":[{"embeddable":true,"href":"https:\/\/www.comfortmats.se\/fi\/wp-json\/wp\/v2\/comments?post=869"}],"version-history":[{"count":0,"href":"https:\/\/www.comfortmats.se\/fi\/wp-json\/wp\/v2\/pages\/869\/revisions"}],"wp:featuredmedia":[{"embeddable":true,"href":"https:\/\/www.comfortmats.se\/fi\/wp-json\/wp\/v2\/media\/3756"}],"wp:attachment":[{"href":"https:\/\/www.comfortmats.se\/fi\/wp-json\/wp\/v2\/media?parent=869"}],"wp:term":[{"taxonomy":"yst_prominent_words","embeddable":true,"href":"https:\/\/www.comfortmats.se\/fi\/wp-json\/wp\/v2\/yst_prominent_words?post=869"}],"curies":[{"name":"wp","href":"https:\/\/api.w.org\/{rel}","templated":true}]}}