{"id":875,"date":"2017-06-13T13:38:28","date_gmt":"2017-06-13T11:38:28","guid":{"rendered":"https:\/\/www.comfortmats.se\/produkter\/"},"modified":"2017-11-14T11:25:13","modified_gmt":"2017-11-14T10:25:13","slug":"tuotteet","status":"publish","type":"page","link":"https:\/\/www.comfortmats.se\/fi\/tuotteet\/","title":{"rendered":"Tuotteet"},"content":{"rendered":"<p style=\"text-align: left;\">Kuivassa toimistoymp\u00e4rist\u00f6ss\u00e4 ja raskaassa teollisuusymp\u00e4rist\u00f6ss\u00e4 asetetaan erilaiset vaatimukset ty\u00f6pistematoille. On t\u00e4rke\u00e4\u00e4 valita oikea matto oikeaan paikkaan. Maton valmistusmateriaalista riippuen sen kulutuksen-, kemikaalin-, l\u00e4mm\u00f6n- ja tulenkest\u00e4vyys sek\u00e4 bakteerien vastustuskyky voi olla erilainen. Luonnonkumista (NR) valmistetut matot ovat kulutusta kest\u00e4vi\u00e4, mutta samalla pehmeit\u00e4 ja joustavia sek\u00e4 eritt\u00e4in ergonomisia ja miellytt\u00e4vi\u00e4. Ne siet\u00e4v\u00e4t kosteutta, mutta soveltuvat parhaiten kuiviin ty\u00f6tiloihin, joissa ei k\u00e4ytet\u00e4 kemikaaleja.<\/p>\n<p style=\"text-align: left;\">Raskaaseen teollisuusymp\u00e4rist\u00f6\u00f6n soveltuu kaikkein parhaiten nitriilikuminen (NBR) matto tai synteettinen kumimatto (SBR). Ne kest\u00e4v\u00e4t suuria rasituksia, \u00f6ljyj\u00e4, rasvoja sek\u00e4 useimpia kemikaaleja. Ne siet\u00e4v\u00e4t my\u00f6s l\u00e4mp\u00f6tilan muutoksia ja hitsauskipin\u00f6it\u00e4. Nitriilikumin ergonomiaominaisuudet ovat melko samat kuin luonnonkumilla. Joissakin matoissa on useampaa kuin yht\u00e4 kumilaatua. Koko matto voi koostua kumisekoituksesta tai matossa voi olla kaksi kerrosta. Saatavana on my\u00f6s mattoja, jotka on suunniteltu erityisesti toimistoihin ja julkisiin tiloihin. Tyylikk\u00e4\u00e4n kangaspinnan ansiosta matot sulautuvat hyvin toimiston, vastaanottohuoneen tai kassan yhteyteen. Voit lukea lis\u00e4\u00e4 kumista ja muista materiaaleista\/sekoituksista <a href=\"https:\/\/sv.wikipedia.org\/wiki\/Gummi\" target=\"_blank\" rel=\"noopener\">Wikipedian <\/a>artikkeleista.<\/p>\n<p style=\"text-align: left;\"><a href=\"https:\/\/www.comfortmats.se\/fi\/ota-meihin-yhteytta\/\"><strong>Ota meihin yhteytt\u00e4, niin autamme sinua maton valinnassa.<\/strong><\/a><\/p>\n<p style=\"text-align: left;\"><strong>Voit my\u00f6s k\u00e4ytt\u00e4\u00e4 <a href=\"https:\/\/www.comfortmats.se\/fi\/tuotteet\/matonvalintatyokalu\/\">matonvalintaty\u00f6kaluamme<\/a> valinnan helpottamiseksi.<\/strong><\/p>\n","protected":false},"excerpt":{"rendered":"<p>Kuivassa toimistoymp\u00e4rist\u00f6ss\u00e4 ja raskaassa teollisuusymp\u00e4rist\u00f6ss\u00e4 asetetaan erilaiset vaatimukset ty\u00f6pistematoille. On t\u00e4rke\u00e4\u00e4 valita oikea matto oikeaan paikkaan. Maton valmistusmateriaalista riippuen sen kulutuksen-, kemikaalin-, l\u00e4mm\u00f6n- ja tulenkest\u00e4vyys sek\u00e4 bakteerien vastustuskyky voi olla erilainen. Luonnonkumista (NR) valmistetut matot ovat kulutusta kest\u00e4vi\u00e4, mutta samalla pehmeit\u00e4 ja joustavia sek\u00e4 eritt\u00e4in ergonomisia ja miellytt\u00e4vi\u00e4. Ne siet\u00e4v\u00e4t kosteutta, mutta soveltuvat parhaiten kuiviin [&hellip;]<\/p>\n","protected":false},"author":2,"featured_media":607,"parent":0,"menu_order":40,"comment_status":"closed","ping_status":"closed","template":"tpl-produkter-alla-produkter.php","meta":{"_acf_changed":false,"_monsterinsights_skip_tracking":false,"_monsterinsights_sitenote_active":false,"_monsterinsights_sitenote_note":"","_monsterinsights_sitenote_category":0,"footnotes":""},"yst_prominent_words":[],"class_list":["post-875","page","type-page","status-publish","has-post-thumbnail","hentry"],"acf":[],"_links":{"self":[{"href":"https:\/\/www.comfortmats.se\/fi\/wp-json\/wp\/v2\/pages\/875","targetHints":{"allow":["GET"]}}],"collection":[{"href":"https:\/\/www.comfortmats.se\/fi\/wp-json\/wp\/v2\/pages"}],"about":[{"href":"https:\/\/www.comfortmats.se\/fi\/wp-json\/wp\/v2\/types\/page"}],"author":[{"embeddable":true,"href":"https:\/\/www.comfortmats.se\/fi\/wp-json\/wp\/v2\/users\/2"}],"replies":[{"embeddable":true,"href":"https:\/\/www.comfortmats.se\/fi\/wp-json\/wp\/v2\/comments?post=875"}],"version-history":[{"count":0,"href":"https:\/\/www.comfortmats.se\/fi\/wp-json\/wp\/v2\/pages\/875\/revisions"}],"wp:featuredmedia":[{"embeddable":true,"href":"https:\/\/www.comfortmats.se\/fi\/wp-json\/wp\/v2\/media\/607"}],"wp:attachment":[{"href":"https:\/\/www.comfortmats.se\/fi\/wp-json\/wp\/v2\/media?parent=875"}],"wp:term":[{"taxonomy":"yst_prominent_words","embeddable":true,"href":"https:\/\/www.comfortmats.se\/fi\/wp-json\/wp\/v2\/yst_prominent_words?post=875"}],"curies":[{"name":"wp","href":"https:\/\/api.w.org\/{rel}","templated":true}]}}