{"id":881,"date":"2017-06-13T13:38:46","date_gmt":"2017-06-13T11:38:46","guid":{"rendered":"https:\/\/www.comfortmats.se\/tuotteet\/mattvaljaren\/"},"modified":"2017-11-14T11:25:34","modified_gmt":"2017-11-14T10:25:34","slug":"matonvalintatyokalu","status":"publish","type":"page","link":"https:\/\/www.comfortmats.se\/fi\/tuotteet\/matonvalintatyokalu\/","title":{"rendered":"Matonvalintaty\u00f6kalu"},"content":{"rendered":"<p class=\"p1\">Useimmat valitsevat maton sen perusteella, mink\u00e4 p\u00e4\u00e4ll\u00e4 on mukavinta seist\u00e4. Maton valinnassa on kuitenkin t\u00e4rke\u00e4\u00e4 huomioida my\u00f6s ymp\u00e4rist\u00f6, johon matto sijoitetaan. Valikoimassamme on mattoja kaikkiin ymp\u00e4rist\u00f6ihin \u2013 jotkut niist\u00e4 kest\u00e4v\u00e4t erityisen raskasta k\u00e4ytt\u00f6\u00e4, hitsauskipin\u00f6it\u00e4, \u00f6ljy\u00e4 ja kemikaaleja. Toiset matot taas sopivat paremmin myym\u00e4l\u00f6ihin ja kevyen teollisuuden k\u00e4ytt\u00f6\u00f6n. Valikoimassa on joustavasta materiaalista valmistettuja mattoja, joissa on jalkoja hierovia kohoumia, sek\u00e4 erityisen tiiviist\u00e4 kumiseoksesta valmistettuja mattoja, jotka sopivat paikkoihin, joissa k\u00e4sitell\u00e4\u00e4n elintarvikkeita.<\/p>\n","protected":false},"excerpt":{"rendered":"<p>Useimmat valitsevat maton sen perusteella, mink\u00e4 p\u00e4\u00e4ll\u00e4 on mukavinta seist\u00e4. Maton valinnassa on kuitenkin t\u00e4rke\u00e4\u00e4 huomioida my\u00f6s ymp\u00e4rist\u00f6, johon matto sijoitetaan. Valikoimassamme on mattoja kaikkiin ymp\u00e4rist\u00f6ihin \u2013 jotkut niist\u00e4 kest\u00e4v\u00e4t erityisen raskasta k\u00e4ytt\u00f6\u00e4, hitsauskipin\u00f6it\u00e4, \u00f6ljy\u00e4 ja kemikaaleja. Toiset matot taas sopivat paremmin myym\u00e4l\u00f6ihin ja kevyen teollisuuden k\u00e4ytt\u00f6\u00f6n. Valikoimassa on joustavasta materiaalista valmistettuja mattoja, joissa on [&hellip;]<\/p>\n","protected":false},"author":2,"featured_media":5764,"parent":875,"menu_order":40,"comment_status":"closed","ping_status":"closed","template":"tpl-mattvaljaren.php","meta":{"_acf_changed":false,"_monsterinsights_skip_tracking":false,"_monsterinsights_sitenote_active":false,"_monsterinsights_sitenote_note":"","_monsterinsights_sitenote_category":0,"footnotes":""},"yst_prominent_words":[],"class_list":["post-881","page","type-page","status-publish","has-post-thumbnail","hentry"],"acf":[],"_links":{"self":[{"href":"https:\/\/www.comfortmats.se\/fi\/wp-json\/wp\/v2\/pages\/881","targetHints":{"allow":["GET"]}}],"collection":[{"href":"https:\/\/www.comfortmats.se\/fi\/wp-json\/wp\/v2\/pages"}],"about":[{"href":"https:\/\/www.comfortmats.se\/fi\/wp-json\/wp\/v2\/types\/page"}],"author":[{"embeddable":true,"href":"https:\/\/www.comfortmats.se\/fi\/wp-json\/wp\/v2\/users\/2"}],"replies":[{"embeddable":true,"href":"https:\/\/www.comfortmats.se\/fi\/wp-json\/wp\/v2\/comments?post=881"}],"version-history":[{"count":0,"href":"https:\/\/www.comfortmats.se\/fi\/wp-json\/wp\/v2\/pages\/881\/revisions"}],"up":[{"embeddable":true,"href":"https:\/\/www.comfortmats.se\/fi\/wp-json\/wp\/v2\/pages\/875"}],"wp:featuredmedia":[{"embeddable":true,"href":"https:\/\/www.comfortmats.se\/fi\/wp-json\/wp\/v2\/media\/5764"}],"wp:attachment":[{"href":"https:\/\/www.comfortmats.se\/fi\/wp-json\/wp\/v2\/media?parent=881"}],"wp:term":[{"taxonomy":"yst_prominent_words","embeddable":true,"href":"https:\/\/www.comfortmats.se\/fi\/wp-json\/wp\/v2\/yst_prominent_words?post=881"}],"curies":[{"name":"wp","href":"https:\/\/api.w.org\/{rel}","templated":true}]}}