{"id":896,"date":"2017-06-13T13:37:04","date_gmt":"2017-06-13T11:37:04","guid":{"rendered":"https:\/\/www.comfortmats.se\/kontakta-oss\/"},"modified":"2025-03-18T14:35:08","modified_gmt":"2025-03-18T13:35:08","slug":"ota-meihin-yhteytta","status":"publish","type":"page","link":"https:\/\/www.comfortmats.se\/fi\/ota-meihin-yhteytta\/","title":{"rendered":"Ota meihin yhteytt\u00e4"},"content":{"rendered":"<p>Ota siksi meihin yhteytt\u00e4, jos haluat tehd\u00e4 ty\u00f6st\u00e4si hieman helpompaa.<\/p>\n<p><strong>Puh.: +46 (0)322-67 08 00<\/strong><\/p>\n<h2>Myynti<\/h2>\n<p><strong>Office Supplies &amp; Interior Design<\/strong><\/p>\n<p><strong><span style=\"color: #ff8000;\">Theo Ravn Beltoft<\/span><\/strong><br \/>\nBusiness Sales Manager<br \/>\nMobil: <a href=\"Tel:+4551140264\">+45 51 14 02 64<\/a><br \/>\n<a href=\"mailto:theo.beltoft@matting.se\">theo.beltoft@matting.se<\/a><\/p>\n<p>&nbsp;<\/p>\n<p><strong>Industry, Facility, Laundry, Construction<\/strong><\/p>\n<p><strong><span style=\"color: #ff8000;\">Ulrik Bergvall<\/span><\/strong><br \/>\nBusiness Area Manager<br \/>\nMobil: <a href=\"Tel:+46706202602\">+46 (0)70 620 26 02<\/a><br \/>\n<a href=\"mailto:ulrik.bergvall@matting.se\">ulrik.bergvall@matting.se<\/a><\/p>\n<p>&nbsp;<\/p>\n<p><strong>Matting AB<\/strong><br \/>\nBox 514, SE \u2013 441 15 Alings\u00e5s<br \/>\nTomasg\u00e5rdsv\u00e4gen 19 | SE \u2013 441 39 Alings\u00e5s<br \/>\nPuh.: +46 (0)322-67 08 00 | <a href=\"mailto:info@matting.se\">info@matting.se<\/a><\/p>\n","protected":false},"excerpt":{"rendered":"<p>Ota siksi meihin yhteytt\u00e4, jos haluat tehd\u00e4 ty\u00f6st\u00e4si hieman helpompaa. Puh.: +46 (0)322-67 08 00 Myynti Office Supplies &amp; Interior Design Theo Ravn Beltoft Business Sales Manager Mobil: +45 51 14 02 64 theo.beltoft@matting.se &nbsp; Industry, Facility, Laundry, Construction Ulrik Bergvall Business Area Manager Mobil: +46 (0)70 620 26 02 ulrik.bergvall@matting.se &nbsp; Matting AB Box [&hellip;]<\/p>\n","protected":false},"author":2,"featured_media":3750,"parent":0,"menu_order":100,"comment_status":"closed","ping_status":"closed","template":"","meta":{"_acf_changed":false,"_monsterinsights_skip_tracking":false,"_monsterinsights_sitenote_active":false,"_monsterinsights_sitenote_note":"","_monsterinsights_sitenote_category":0,"footnotes":""},"yst_prominent_words":[],"class_list":["post-896","page","type-page","status-publish","has-post-thumbnail","hentry"],"acf":[],"_links":{"self":[{"href":"https:\/\/www.comfortmats.se\/fi\/wp-json\/wp\/v2\/pages\/896","targetHints":{"allow":["GET"]}}],"collection":[{"href":"https:\/\/www.comfortmats.se\/fi\/wp-json\/wp\/v2\/pages"}],"about":[{"href":"https:\/\/www.comfortmats.se\/fi\/wp-json\/wp\/v2\/types\/page"}],"author":[{"embeddable":true,"href":"https:\/\/www.comfortmats.se\/fi\/wp-json\/wp\/v2\/users\/2"}],"replies":[{"embeddable":true,"href":"https:\/\/www.comfortmats.se\/fi\/wp-json\/wp\/v2\/comments?post=896"}],"version-history":[{"count":4,"href":"https:\/\/www.comfortmats.se\/fi\/wp-json\/wp\/v2\/pages\/896\/revisions"}],"predecessor-version":[{"id":6331,"href":"https:\/\/www.comfortmats.se\/fi\/wp-json\/wp\/v2\/pages\/896\/revisions\/6331"}],"wp:featuredmedia":[{"embeddable":true,"href":"https:\/\/www.comfortmats.se\/fi\/wp-json\/wp\/v2\/media\/3750"}],"wp:attachment":[{"href":"https:\/\/www.comfortmats.se\/fi\/wp-json\/wp\/v2\/media?parent=896"}],"wp:term":[{"taxonomy":"yst_prominent_words","embeddable":true,"href":"https:\/\/www.comfortmats.se\/fi\/wp-json\/wp\/v2\/yst_prominent_words?post=896"}],"curies":[{"name":"wp","href":"https:\/\/api.w.org\/{rel}","templated":true}]}}