{"id":901,"date":"2017-06-28T11:16:04","date_gmt":"2017-06-28T09:16:04","guid":{"rendered":"https:\/\/www.comfortmats.se\/ota-meihin-yhteytta\/varuprover\/"},"modified":"2017-11-14T11:27:20","modified_gmt":"2017-11-14T10:27:20","slug":"tilaa-tuotenaytteita","status":"publish","type":"page","link":"https:\/\/www.comfortmats.se\/fi\/ota-meihin-yhteytta\/tilaa-tuotenaytteita\/","title":{"rendered":"Tilaa tuoten\u00e4ytteit\u00e4"},"content":{"rendered":"<p>T\u00e4\u00e4ll\u00e4 voit tilata tuoten\u00e4ytteit\u00e4. Kerro toiveesi tekstikentt\u00e4\u00e4n.<\/p>\n<p class=\"wpcf7-contact-form-not-found\"><strong>Error:<\/strong> Contact form not found.<\/p>\n","protected":false},"excerpt":{"rendered":"<p>T\u00e4\u00e4ll\u00e4 voit tilata tuoten\u00e4ytteit\u00e4. Kerro toiveesi tekstikentt\u00e4\u00e4n.<\/p>\n","protected":false},"author":2,"featured_media":3741,"parent":896,"menu_order":0,"comment_status":"closed","ping_status":"closed","template":"","meta":{"_acf_changed":false,"_monsterinsights_skip_tracking":false,"_monsterinsights_sitenote_active":false,"_monsterinsights_sitenote_note":"","_monsterinsights_sitenote_category":0,"footnotes":""},"yst_prominent_words":[],"class_list":["post-901","page","type-page","status-publish","has-post-thumbnail","hentry"],"acf":[],"_links":{"self":[{"href":"https:\/\/www.comfortmats.se\/fi\/wp-json\/wp\/v2\/pages\/901","targetHints":{"allow":["GET"]}}],"collection":[{"href":"https:\/\/www.comfortmats.se\/fi\/wp-json\/wp\/v2\/pages"}],"about":[{"href":"https:\/\/www.comfortmats.se\/fi\/wp-json\/wp\/v2\/types\/page"}],"author":[{"embeddable":true,"href":"https:\/\/www.comfortmats.se\/fi\/wp-json\/wp\/v2\/users\/2"}],"replies":[{"embeddable":true,"href":"https:\/\/www.comfortmats.se\/fi\/wp-json\/wp\/v2\/comments?post=901"}],"version-history":[{"count":0,"href":"https:\/\/www.comfortmats.se\/fi\/wp-json\/wp\/v2\/pages\/901\/revisions"}],"up":[{"embeddable":true,"href":"https:\/\/www.comfortmats.se\/fi\/wp-json\/wp\/v2\/pages\/896"}],"wp:featuredmedia":[{"embeddable":true,"href":"https:\/\/www.comfortmats.se\/fi\/wp-json\/wp\/v2\/media\/3741"}],"wp:attachment":[{"href":"https:\/\/www.comfortmats.se\/fi\/wp-json\/wp\/v2\/media?parent=901"}],"wp:term":[{"taxonomy":"yst_prominent_words","embeddable":true,"href":"https:\/\/www.comfortmats.se\/fi\/wp-json\/wp\/v2\/yst_prominent_words?post=901"}],"curies":[{"name":"wp","href":"https:\/\/api.w.org\/{rel}","templated":true}]}}